{"id":1442,"date":"2025-11-25T20:06:14","date_gmt":"2025-11-26T00:06:14","guid":{"rendered":"https:\/\/afiko.cl\/?page_id=1442"},"modified":"2025-11-26T09:02:07","modified_gmt":"2025-11-26T13:02:07","slug":"puntos-de-venta","status":"publish","type":"page","link":"https:\/\/afiko.cl\/?page_id=1442","title":{"rendered":"Puntos de Venta"},"content":{"rendered":"\t\t<div data-elementor-type=\"wp-page\" data-elementor-id=\"1442\" class=\"elementor elementor-1442\" data-elementor-post-type=\"page\">\n\t\t\t\t\t\t<section class=\"elementor-section elementor-top-section elementor-element elementor-element-d5a4f18 elementor-section-boxed elementor-section-height-default elementor-section-height-default\" data-id=\"d5a4f18\" data-element_type=\"section\" data-e-type=\"section\">\n\t\t\t\t\t\t<div class=\"elementor-container elementor-column-gap-default\">\n\t\t\t\t\t<div class=\"elementor-column elementor-col-100 elementor-top-column elementor-element elementor-element-23e527d\" data-id=\"23e527d\" data-element_type=\"column\" data-e-type=\"column\" data-settings=\"{&quot;background_background&quot;:&quot;classic&quot;}\">\n\t\t\t<div class=\"elementor-widget-wrap elementor-element-populated\">\n\t\t\t\t\t\t<div class=\"elementor-element elementor-element-2f5e6ad elementor-widget elementor-widget-heading\" data-id=\"2f5e6ad\" data-element_type=\"widget\" data-e-type=\"widget\" data-widget_type=\"heading.default\">\n\t\t\t\t<div class=\"elementor-widget-container\">\n\t\t\t\t\t<h2 class=\"elementor-heading-title elementor-size-default\">Puntos de Venta Afiko<\/h2>\t\t\t\t<\/div>\n\t\t\t\t<\/div>\n\t\t\t\t<div class=\"elementor-element elementor-element-1575286 elementor-widget elementor-widget-text-editor\" data-id=\"1575286\" data-element_type=\"widget\" data-e-type=\"widget\" data-widget_type=\"text-editor.default\">\n\t\t\t\t<div class=\"elementor-widget-container\">\n\t\t\t\t\t\t\t\t\tEn Afiko queremos estar cada vez m\u00e1s cerca de ti. Por eso, adem\u00e1s de nuestra tienda online, contamos con una red de puntos de venta donde elegir nuestros productos en persona, con la ayuda de equipos que conocen y recomiendan Afiko todos los d\u00edas.\nEn esta secci\u00f3n encontrar\u00e1s el listado actualizado de tiendas y locales asociados, con su ciudad, para que puedas elegir el lugar que m\u00e1s te acomode.\nTe invitamos a visitar nuestros puntos de venta y vivir la experiencia Afiko de forma cercana y personalizada.\t\t\t\t\t\t\t\t<\/div>\n\t\t\t\t<\/div>\n\t\t\t\t<div class=\"elementor-element elementor-element-4401bdd elementor-widget elementor-widget-image\" data-id=\"4401bdd\" data-element_type=\"widget\" data-e-type=\"widget\" data-widget_type=\"image.default\">\n\t\t\t\t<div class=\"elementor-widget-container\">\n\t\t\t\t\t\t\t\t\t\t\t\t\t\t\t<img fetchpriority=\"high\" decoding=\"async\" width=\"576\" height=\"1024\" src=\"https:\/\/afiko.cl\/wp-content\/uploads\/2025\/11\/Mundo-Rural-576x1024.png\" class=\"attachment-large size-large wp-image-1444\" alt=\"\" srcset=\"https:\/\/afiko.cl\/wp-content\/uploads\/2025\/11\/Mundo-Rural-576x1024.png 576w, https:\/\/afiko.cl\/wp-content\/uploads\/2025\/11\/Mundo-Rural-169x300.png 169w, https:\/\/afiko.cl\/wp-content\/uploads\/2025\/11\/Mundo-Rural.png 720w\" sizes=\"(max-width: 576px) 100vw, 576px\" \/>\t\t\t\t\t\t\t\t\t\t\t\t\t\t\t<\/div>\n\t\t\t\t<\/div>\n\t\t\t\t\t<\/div>\n\t\t<\/div>\n\t\t\t\t\t<\/div>\n\t\t<\/section>\n\t\t\t\t<\/div>\n\t\t","protected":false},"excerpt":{"rendered":"<p>Puntos de Venta Afiko En Afiko queremos estar cada vez m\u00e1s cerca de ti. Por eso, adem\u00e1s de nuestra tienda online, contamos con una red de puntos de venta donde elegir nuestros productos en persona, con la ayuda de equipos que conocen y recomiendan Afiko todos los d\u00edas. En esta secci\u00f3n encontrar\u00e1s el listado actualizado [&hellip;]<\/p>\n","protected":false},"author":1,"featured_media":0,"parent":0,"menu_order":0,"comment_status":"closed","ping_status":"closed","template":"elementor_header_footer","meta":{"_joinchat":[],"footnotes":""},"class_list":["post-1442","page","type-page","status-publish","hentry"],"blocksy_meta":[],"_links":{"self":[{"href":"https:\/\/afiko.cl\/index.php?rest_route=\/wp\/v2\/pages\/1442","targetHints":{"allow":["GET"]}}],"collection":[{"href":"https:\/\/afiko.cl\/index.php?rest_route=\/wp\/v2\/pages"}],"about":[{"href":"https:\/\/afiko.cl\/index.php?rest_route=\/wp\/v2\/types\/page"}],"author":[{"embeddable":true,"href":"https:\/\/afiko.cl\/index.php?rest_route=\/wp\/v2\/users\/1"}],"replies":[{"embeddable":true,"href":"https:\/\/afiko.cl\/index.php?rest_route=%2Fwp%2Fv2%2Fcomments&post=1442"}],"version-history":[{"count":22,"href":"https:\/\/afiko.cl\/index.php?rest_route=\/wp\/v2\/pages\/1442\/revisions"}],"predecessor-version":[{"id":1480,"href":"https:\/\/afiko.cl\/index.php?rest_route=\/wp\/v2\/pages\/1442\/revisions\/1480"}],"wp:attachment":[{"href":"https:\/\/afiko.cl\/index.php?rest_route=%2Fwp%2Fv2%2Fmedia&parent=1442"}],"curies":[{"name":"wp","href":"https:\/\/api.w.org\/{rel}","templated":true}]}}