{"id":1323,"date":"2025-11-07T11:58:46","date_gmt":"2025-11-07T15:58:46","guid":{"rendered":"https:\/\/afiko.cl\/?post_type=product&#038;p=1323"},"modified":"2026-04-14T00:24:21","modified_gmt":"2026-04-14T04:24:21","slug":"piure-30g","status":"publish","type":"product","link":"https:\/\/afiko.cl\/?product=piure-30g","title":{"rendered":"Piure 30g"},"content":{"rendered":"<p data-start=\"309\" data-end=\"569\">Atr\u00e9vete a descubrir el lado m\u00e1s profundo y aut\u00e9ntico del mar con nuestro <strong data-start=\"383\" data-end=\"411\">Piure deshidratado Afiko<\/strong>, en su pr\u00e1ctico <strong data-start=\"428\" data-end=\"452\">formato DoyPack 30 g<\/strong>.<br data-start=\"453\" data-end=\"456\" \/>Un producto \u00fanico del sur de Chile que captura el <strong data-start=\"506\" data-end=\"542\">sabor intenso, salino y vibrante<\/strong> del piure.<\/p>\n<p data-start=\"571\" data-end=\"739\"><strong data-start=\"574\" data-end=\"617\">Un condimento marino lleno de car\u00e1cter:<\/strong><br data-start=\"617\" data-end=\"620\" \/>Ideal para quienes disfrutan de los sabores audaces y buscan darle a sus preparaciones un toque gourmet incomparable.<\/p>\n<p data-start=\"741\" data-end=\"1134\">Ideas para disfrutarlo:<br data-start=\"764\" data-end=\"767\" \/><strong data-start=\"770\" data-end=\"784\">Agr\u00e9galo<\/strong> sobre pastas, mariscos o risottos para realzar su sabor.<br data-start=\"851\" data-end=\"854\" \/><strong data-start=\"857\" data-end=\"897\">M\u00e9zclalo con lim\u00f3n y aceite de oliva<\/strong> para crear un ali\u00f1o potente y lleno de personalidad.<br data-start=\"950\" data-end=\"953\" \/><strong data-start=\"956\" data-end=\"1009\">\u00dasalo en salsas, mantequillas o mayonesas caseras<\/strong> para un toque marino sorprendente.<br data-start=\"1044\" data-end=\"1047\" \/><strong data-start=\"1050\" data-end=\"1084\">Agr\u00e9galo en aperitivos <\/strong>\u00a0para impresionar con su sabor \u00fanico del oc\u00e9ano.<\/p>\n","protected":false},"excerpt":{"rendered":"<h3 data-start=\"236\" data-end=\"307\"><strong data-start=\"245\" data-end=\"305\">Piure Deshidratado Afiko \u2014 sabor intenso del mar austral<\/strong><\/h3>\n<p data-start=\"309\" data-end=\"569\">Atr\u00e9vete a descubrir el lado m\u00e1s profundo y aut\u00e9ntico del mar con nuestro <strong data-start=\"383\" data-end=\"411\">Piure deshidratado Afiko<\/strong>, en su pr\u00e1ctico <strong data-start=\"428\" data-end=\"452\">formato DoyPack 30 g<\/strong>.<br data-start=\"453\" data-end=\"456\" \/>Un producto \u00fanico del sur de Chile que captura el <strong data-start=\"506\" data-end=\"542\">sabor intenso, salino y vibrante<\/strong> del piure en cada pizca.<\/p>\n<p data-start=\"309\" data-end=\"569\"><strong data-start=\"1260\" data-end=\"1334\">Formato DoyPack 30 g \u2014 pr\u00e1ctico, gourmet y lleno de identidad chilena.<\/strong><br data-start=\"1334\" data-end=\"1337\" \/><strong data-start=\"1337\" data-end=\"1421\">El secreto para transformar tus comidas con el sabor m\u00e1s aut\u00e9ntico e intenso del oc\u00e9ano pac\u00edfico. <\/strong><\/p>\n","protected":false},"featured_media":1259,"comment_status":"open","ping_status":"closed","template":"","meta":{"_joinchat":[]},"product_brand":[],"product_cat":[20],"product_tag":[],"class_list":{"0":"post-1323","1":"product","2":"type-product","3":"status-publish","4":"has-post-thumbnail","6":"product_cat-doypack","8":"first","9":"instock","10":"taxable","11":"shipping-taxable","12":"purchasable","13":"product-type-simple"},"_links":{"self":[{"href":"https:\/\/afiko.cl\/index.php?rest_route=\/wp\/v2\/product\/1323","targetHints":{"allow":["GET"]}}],"collection":[{"href":"https:\/\/afiko.cl\/index.php?rest_route=\/wp\/v2\/product"}],"about":[{"href":"https:\/\/afiko.cl\/index.php?rest_route=\/wp\/v2\/types\/product"}],"replies":[{"embeddable":true,"href":"https:\/\/afiko.cl\/index.php?rest_route=%2Fwp%2Fv2%2Fcomments&post=1323"}],"wp:featuredmedia":[{"embeddable":true,"href":"https:\/\/afiko.cl\/index.php?rest_route=\/wp\/v2\/media\/1259"}],"wp:attachment":[{"href":"https:\/\/afiko.cl\/index.php?rest_route=%2Fwp%2Fv2%2Fmedia&parent=1323"}],"wp:term":[{"taxonomy":"product_brand","embeddable":true,"href":"https:\/\/afiko.cl\/index.php?rest_route=%2Fwp%2Fv2%2Fproduct_brand&post=1323"},{"taxonomy":"product_cat","embeddable":true,"href":"https:\/\/afiko.cl\/index.php?rest_route=%2Fwp%2Fv2%2Fproduct_cat&post=1323"},{"taxonomy":"product_tag","embeddable":true,"href":"https:\/\/afiko.cl\/index.php?rest_route=%2Fwp%2Fv2%2Fproduct_tag&post=1323"}],"curies":[{"name":"wp","href":"https:\/\/api.w.org\/{rel}","templated":true}]}}