{"id":1400,"date":"2025-11-20T12:09:03","date_gmt":"2025-11-20T16:09:03","guid":{"rendered":"https:\/\/afiko.cl\/?post_type=product&#038;p=1400"},"modified":"2026-04-25T04:18:49","modified_gmt":"2026-04-25T08:18:49","slug":"sazonador-de-erizo-merken-ajo-cilantro-25g","status":"publish","type":"product","link":"https:\/\/afiko.cl\/?product=sazonador-de-erizo-merken-ajo-cilantro-25g","title":{"rendered":"Sazonador de Erizo &#8211; Merk\u00e9n &#8211; Ajo &#8211; Cilantro 25g"},"content":{"rendered":"<h3 data-start=\"267\" data-end=\"360\"><strong data-start=\"276\" data-end=\"360\">Sabor marino intenso con un toque picante y arom\u00e1tico<\/strong><\/h3>\n<p data-start=\"362\" data-end=\"673\">Descubre la mezcla perfecta entre el <strong data-start=\"399\" data-end=\"440\">sabor profundo del erizo deshidratado<\/strong>, el picor ahumado del <strong data-start=\"463\" data-end=\"473\">merk\u00e9n<\/strong>, la fuerza del <strong data-start=\"489\" data-end=\"496\">ajo<\/strong> y la frescura arom\u00e1tica del <strong data-start=\"525\" data-end=\"537\">cilantro<\/strong>.<br data-start=\"538\" data-end=\"541\" \/>Un sazonador peque\u00f1o en tama\u00f1o, pero <strong data-start=\"578\" data-end=\"598\">gigante en sabor<\/strong>, ideal para darle personalidad a cualquier plato con solo una pizca. \u2728<\/p>\n<p data-start=\"1682\" data-end=\"1839\"><strong data-start=\"1685\" data-end=\"1747\">Formato peque\u00f1o, pr\u00e1ctico y f\u00e1cil de llevar donde quieras.<\/strong><br data-start=\"1747\" data-end=\"1750\" \/>Un sazonador \u00fanico que re\u00fane el sabor del mar con la magia de los condimentos chilenos.<\/p>\n<p data-start=\"1841\" data-end=\"1906\"><strong data-start=\"1841\" data-end=\"1906\">Atr\u00e9vete a probarlo y lleva tus platos a un nuevo nivel. <\/strong><\/p>\n","protected":false},"excerpt":{"rendered":"<p data-start=\"675\" data-end=\"947\"> <strong data-start=\"678\" data-end=\"715\">Un condimento que lo cambia todo:<\/strong><br data-start=\"715\" data-end=\"718\" \/>Este mix es el resultado de fusionar ingredientes tradicionales del sur con sabores potentes que transforman tus comidas en experiencias gourmet.<br data-start=\"863\" data-end=\"866\" \/>Perfecto para quienes buscan innovar, resaltar sabores y sorprender el paladar.<\/p>\n<h3 data-start=\"949\" data-end=\"980\">\ufe0f Ideas para disfrutarlo:<\/h3>\n<ul data-start=\"981\" data-end=\"1566\">\n<li data-start=\"981\" data-end=\"1077\">\n<p data-start=\"983\" data-end=\"1077\"> <strong data-start=\"986\" data-end=\"1031\">Espolvor\u00e9alo sobre pastas reci\u00e9n servidas<\/strong> para un toque marino con picor equilibrado.<\/p>\n<\/li>\n<li data-start=\"1078\" data-end=\"1176\">\n<p data-start=\"1080\" data-end=\"1176\"> <strong data-start=\"1083\" data-end=\"1136\">A\u00f1\u00e1delo a huevos revueltos, tortillas o shakshuka<\/strong> para un sabor inesperado y delicioso.<\/p>\n<\/li>\n<li data-start=\"1177\" data-end=\"1281\">\n<p data-start=\"1179\" data-end=\"1281\"> <strong data-start=\"1182\" data-end=\"1213\">\u00dasalo en ensaladas o ali\u00f1os<\/strong>: m\u00e9zclalo con lim\u00f3n y aceite de oliva para un dressing explosivo.<\/p>\n<\/li>\n<li data-start=\"1282\" data-end=\"1381\">\n<p data-start=\"1284\" data-end=\"1381\"> <strong data-start=\"1287\" data-end=\"1335\">Dale vida a pescados o mariscos a la plancha<\/strong>, creando una costra arom\u00e1tica irresistible.<\/p>\n<\/li>\n<li data-start=\"1382\" data-end=\"1476\">\n<p data-start=\"1384\" data-end=\"1476\"> <strong data-start=\"1387\" data-end=\"1415\">Perfecto para aperitivos<\/strong>: espolvorea sobre tostadas con crema, mantequilla o queso.<\/p>\n<\/li>\n<li data-start=\"1477\" data-end=\"1566\">\n<p data-start=\"1479\" data-end=\"1566\"> <strong data-start=\"1482\" data-end=\"1519\">Agr\u00e9galo a sopas, caldos o guisos<\/strong> para un fondo marino m\u00e1s complejo y sabroso.<\/p>\n<\/li>\n<\/ul>\n<p data-start=\"1568\" data-end=\"1680\"> <strong data-start=\"1571\" data-end=\"1585\">Tip Afiko:<\/strong> pru\u00e9balo sobre papas fritas, papas asadas o camotes\u2026 te prometemos que te va a sorprender <\/p>\n","protected":false},"featured_media":1402,"comment_status":"open","ping_status":"closed","template":"","meta":{"_joinchat":[]},"product_brand":[],"product_cat":[56],"product_tag":[],"class_list":{"0":"post-1400","1":"product","2":"type-product","3":"status-publish","4":"has-post-thumbnail","6":"product_cat-sazonador","8":"first","9":"instock","10":"taxable","11":"shipping-taxable","12":"purchasable","13":"product-type-simple"},"_links":{"self":[{"href":"https:\/\/afiko.cl\/index.php?rest_route=\/wp\/v2\/product\/1400","targetHints":{"allow":["GET"]}}],"collection":[{"href":"https:\/\/afiko.cl\/index.php?rest_route=\/wp\/v2\/product"}],"about":[{"href":"https:\/\/afiko.cl\/index.php?rest_route=\/wp\/v2\/types\/product"}],"replies":[{"embeddable":true,"href":"https:\/\/afiko.cl\/index.php?rest_route=%2Fwp%2Fv2%2Fcomments&post=1400"}],"wp:featuredmedia":[{"embeddable":true,"href":"https:\/\/afiko.cl\/index.php?rest_route=\/wp\/v2\/media\/1402"}],"wp:attachment":[{"href":"https:\/\/afiko.cl\/index.php?rest_route=%2Fwp%2Fv2%2Fmedia&parent=1400"}],"wp:term":[{"taxonomy":"product_brand","embeddable":true,"href":"https:\/\/afiko.cl\/index.php?rest_route=%2Fwp%2Fv2%2Fproduct_brand&post=1400"},{"taxonomy":"product_cat","embeddable":true,"href":"https:\/\/afiko.cl\/index.php?rest_route=%2Fwp%2Fv2%2Fproduct_cat&post=1400"},{"taxonomy":"product_tag","embeddable":true,"href":"https:\/\/afiko.cl\/index.php?rest_route=%2Fwp%2Fv2%2Fproduct_tag&post=1400"}],"curies":[{"name":"wp","href":"https:\/\/api.w.org\/{rel}","templated":true}]}}