{"id":1413,"date":"2025-11-20T13:59:53","date_gmt":"2025-11-20T17:59:53","guid":{"rendered":"https:\/\/afiko.cl\/?post_type=product&#038;p=1413"},"modified":"2026-04-25T04:19:30","modified_gmt":"2026-04-25T08:19:30","slug":"trilogia-de-sabor-erizo-25g-piure-25g-cochayuyo-25g","status":"publish","type":"product","link":"https:\/\/afiko.cl\/?product=trilogia-de-sabor-erizo-25g-piure-25g-cochayuyo-25g","title":{"rendered":"SAZ\u00d3N MARINO &#8211; GOURMET COTIDIANO Erizo  (25g) &#8211; Piure (25g) -Cochayuyo (25g)"},"content":{"rendered":"<h3 data-start=\"173\" data-end=\"256\"><strong data-start=\"177\" data-end=\"256\">Trilog\u00eda Marina Afiko: 3 sabores, 3 experiencias en un solo viaje directo al oc\u00e9ano<\/strong><\/h3>\n<p data-start=\"258\" data-end=\"597\">Descubre nuestra selecci\u00f3n m\u00e1s especial: <strong data-start=\"299\" data-end=\"326\">Erizo Romero &amp; Cilantro<\/strong>, <strong data-start=\"328\" data-end=\"358\">Piure Merk\u00e9n Ajo &amp; Perejil<\/strong> y <strong data-start=\"361\" data-end=\"390\">Cochayuyo S\u00e9samo &amp; Linaza<\/strong>.<br data-start=\"391\" data-end=\"394\" \/>Tres sazonadores \u00fanicos que te llevan directo al mar del sur, cada uno con su car\u00e1cter propio y pensados para transformar platos simples en experiencias intensas, creativas y llenas de identidad chilota.<\/p>\n<h3 data-start=\"1911\" data-end=\"1959\"><strong data-start=\"1915\" data-end=\"1957\">\u00bfPor qu\u00e9 elegir la Trilog\u00eda Marina?<\/strong><\/h3>\n<p data-start=\"1960\" data-end=\"2217\">Porque es <strong data-start=\"1970\" data-end=\"1982\">vers\u00e1til<\/strong>, <strong data-start=\"1984\" data-end=\"1996\">creativa<\/strong> y te permite jugar con tres perfiles completamente distintos: el mar profundo, el mar intenso y el mar nutritivo.<br data-start=\"2110\" data-end=\"2113\" \/>Perfecta para quienes aman experimentar y transformar su cocina con sabores aut\u00e9nticos del sur de Chile.<\/p>\n<p data-start=\"258\" data-end=\"597\">\n","protected":false},"excerpt":{"rendered":"<h3 data-start=\"604\" data-end=\"671\"><strong data-start=\"608\" data-end=\"669\">Erizo Romero &amp; Cilantro \u2013 Profundo, arom\u00e1tico, gourmet<\/strong><\/h3>\n<p data-start=\"672\" data-end=\"807\">El sabor inconfundible del erizo se abraza con las notas verdes del cilantro y la calidez mediterr\u00e1nea del romero.<br data-start=\"786\" data-end=\"789\" \/><strong data-start=\"789\" data-end=\"805\">C\u00f3mo usarlo:<\/strong><\/p>\n<ul data-start=\"808\" data-end=\"965\">\n<li data-start=\"808\" data-end=\"844\">\n<p data-start=\"810\" data-end=\"844\">Sobre papas salteadas o al horno<\/p>\n<\/li>\n<li data-start=\"845\" data-end=\"903\">\n<p data-start=\"847\" data-end=\"903\">En mantequilla derretida para un \u201cmar y tierra\u201d m\u00e1gico<\/p>\n<\/li>\n<li data-start=\"904\" data-end=\"965\">\n<p data-start=\"906\" data-end=\"965\">En sopas o caldos para un golpe de sabor marino inmediato<\/p>\n<\/li>\n<\/ul>\n<p data-start=\"967\" data-end=\"1037\">Cada pizca despierta un aroma elegante que invita a seguir explorando.<\/p>\n<h3 data-start=\"1044\" data-end=\"1112\"><strong data-start=\"1048\" data-end=\"1110\"> Piure Merk\u00e9n Ajo &amp; Perejil \u2013 Intenso, picante, adictivo<\/strong><\/h3>\n<p data-start=\"1113\" data-end=\"1247\">La personalidad del piure se potencia con un toque ahumado de merk\u00e9n, el calor del ajo y la frescura del perejil.<br data-start=\"1226\" data-end=\"1229\" \/><strong data-start=\"1229\" data-end=\"1245\">C\u00f3mo usarlo:<\/strong><\/p>\n<ul data-start=\"1248\" data-end=\"1401\">\n<li data-start=\"1248\" data-end=\"1284\">\n<p data-start=\"1250\" data-end=\"1284\">En pastas mantecosas o al ajillo<\/p>\n<\/li>\n<li data-start=\"1285\" data-end=\"1345\">\n<p data-start=\"1287\" data-end=\"1345\">Sobre mariscos, pescados o incluso sobre unas papas mayo<\/p>\n<\/li>\n<li data-start=\"1346\" data-end=\"1401\">\n<p data-start=\"1348\" data-end=\"1401\">En salsas, panes caseros o mantequillas saborizadas<\/p>\n<\/li>\n<\/ul>\n<p data-start=\"1403\" data-end=\"1489\">Un sazonador que no se olvida\u2026 \u00a1una explosi\u00f3n que te invita a probarlo una y otra vez!<\/p>\n<h3 data-start=\"1496\" data-end=\"1571\"><strong data-start=\"1500\" data-end=\"1569\"> Cochayuyo S\u00e9samo &amp; Linaza \u2013 Crujiente, nutritivo, sorprendente<\/strong><\/h3>\n<p data-start=\"1572\" data-end=\"1718\">Un blend suave, vers\u00e1til y vegano que une el umami del cochayuyo con la textura del s\u00e9samo tostado y la energ\u00eda de la linaza.<br data-start=\"1697\" data-end=\"1700\" \/><strong data-start=\"1700\" data-end=\"1716\">C\u00f3mo usarlo:<\/strong><\/p>\n<ul data-start=\"1719\" data-end=\"1848\">\n<li data-start=\"1719\" data-end=\"1751\">\n<p data-start=\"1721\" data-end=\"1751\">En ensaladas, sopas o cremas<\/p>\n<\/li>\n<li data-start=\"1752\" data-end=\"1795\">\n<p data-start=\"1754\" data-end=\"1795\">Sobre arroz, fideos o verduras al vapor<\/p>\n<\/li>\n<li data-start=\"1796\" data-end=\"1848\">\n<p data-start=\"1798\" data-end=\"1848\">Para coronar tostadas, hummus o bowls nutritivos<\/p>\n<\/li>\n<\/ul>\n<p data-start=\"1850\" data-end=\"1904\">Tan liviano como saludable, tan simple como delicioso.<\/p>\n","protected":false},"featured_media":1406,"comment_status":"open","ping_status":"closed","template":"","meta":{"_joinchat":[]},"product_brand":[],"product_cat":[57],"product_tag":[],"class_list":{"0":"post-1413","1":"product","2":"type-product","3":"status-publish","4":"has-post-thumbnail","6":"product_cat-packs-de-regalo","8":"first","9":"instock","10":"sale","11":"taxable","12":"shipping-taxable","13":"purchasable","14":"product-type-simple"},"_links":{"self":[{"href":"https:\/\/afiko.cl\/index.php?rest_route=\/wp\/v2\/product\/1413","targetHints":{"allow":["GET"]}}],"collection":[{"href":"https:\/\/afiko.cl\/index.php?rest_route=\/wp\/v2\/product"}],"about":[{"href":"https:\/\/afiko.cl\/index.php?rest_route=\/wp\/v2\/types\/product"}],"replies":[{"embeddable":true,"href":"https:\/\/afiko.cl\/index.php?rest_route=%2Fwp%2Fv2%2Fcomments&post=1413"}],"wp:featuredmedia":[{"embeddable":true,"href":"https:\/\/afiko.cl\/index.php?rest_route=\/wp\/v2\/media\/1406"}],"wp:attachment":[{"href":"https:\/\/afiko.cl\/index.php?rest_route=%2Fwp%2Fv2%2Fmedia&parent=1413"}],"wp:term":[{"taxonomy":"product_brand","embeddable":true,"href":"https:\/\/afiko.cl\/index.php?rest_route=%2Fwp%2Fv2%2Fproduct_brand&post=1413"},{"taxonomy":"product_cat","embeddable":true,"href":"https:\/\/afiko.cl\/index.php?rest_route=%2Fwp%2Fv2%2Fproduct_cat&post=1413"},{"taxonomy":"product_tag","embeddable":true,"href":"https:\/\/afiko.cl\/index.php?rest_route=%2Fwp%2Fv2%2Fproduct_tag&post=1413"}],"curies":[{"name":"wp","href":"https:\/\/api.w.org\/{rel}","templated":true}]}}