{"id":743,"date":"2025-01-16T11:40:05","date_gmt":"2025-01-16T15:40:05","guid":{"rendered":"https:\/\/afiko.cl\/?post_type=product&#038;p=743"},"modified":"2026-04-14T00:25:36","modified_gmt":"2026-04-14T04:25:36","slug":"trilogia","status":"publish","type":"product","link":"https:\/\/afiko.cl\/?product=trilogia","title":{"rendered":"MAR EN TU MOLINILLO Erizo 50g Piure 50g Cochayuyo30g"},"content":{"rendered":"<p>\u00a1Lleva el mar a tu cocina con nuestra <strong>Trilog\u00eda de Sazonadores<\/strong>!<\/p>\n<p>Tres incre\u00edbles sabores marinos en un solo set: <strong>Piure<\/strong>, <strong>Erizo <\/strong>\u00a0y <strong>Cochayuyo<\/strong>.<\/p>\n<p>Cada sazonador est\u00e1 dise\u00f1ado para resaltar lo mejor de los productos del mar, ofreciendo un toque aut\u00e9ntico y delicioso a tus platillos.<\/p>\n<p>Ideal para pescados, mariscos, sopas y ensaladas.<\/p>\n<p>\u00a1No dejes pasar esta oportunidad de elevar tus recetas con lo mejor del oc\u00e9ano!<\/p>\n<p>Compra ahora y transforma tu cocina en un fest\u00edn de sabores marinos.<\/p>\n<p>&nbsp;<\/p>\n<p>Nota: Puedes elegir entre Erizo Tradicional\/Merk\u00e9n\/Or\u00e9gano<\/p>\n","protected":false},"excerpt":{"rendered":"<p><strong data-start=\"799\" data-end=\"836\">Pack Gourmet Erizo, Piure &amp; Cochayuyo<\/strong><\/p>\n<p><br data-start=\"836\" data-end=\"839\" \/>Tres molinillos: erizo, piure y cochayuyo deshidratados, 100% naturales y sin sal a\u00f1adida.<br data-start=\"929\" data-end=\"932\" \/>Un tr\u00edo \u00fanico para llevar tus platos a lo m\u00e1s profundo del oc\u00e9ano, realzando sopas, cremas, ceviches y preparaciones gourmet.<\/p>\n<p>El aut\u00e9ntico sabor del mar chileno en un pack gourmet. \u00a1Haz tu pedido ahora!<\/p>\n","protected":false},"featured_media":1263,"comment_status":"open","ping_status":"closed","template":"","meta":{"_joinchat":[]},"product_brand":[],"product_cat":[21,57],"product_tag":[],"class_list":{"0":"post-743","1":"product","2":"type-product","3":"status-publish","4":"has-post-thumbnail","6":"product_cat-molinillo","7":"product_cat-packs-de-regalo","9":"first","10":"instock","11":"sale","12":"taxable","13":"shipping-taxable","14":"purchasable","15":"product-type-simple"},"_links":{"self":[{"href":"https:\/\/afiko.cl\/index.php?rest_route=\/wp\/v2\/product\/743","targetHints":{"allow":["GET"]}}],"collection":[{"href":"https:\/\/afiko.cl\/index.php?rest_route=\/wp\/v2\/product"}],"about":[{"href":"https:\/\/afiko.cl\/index.php?rest_route=\/wp\/v2\/types\/product"}],"replies":[{"embeddable":true,"href":"https:\/\/afiko.cl\/index.php?rest_route=%2Fwp%2Fv2%2Fcomments&post=743"}],"wp:featuredmedia":[{"embeddable":true,"href":"https:\/\/afiko.cl\/index.php?rest_route=\/wp\/v2\/media\/1263"}],"wp:attachment":[{"href":"https:\/\/afiko.cl\/index.php?rest_route=%2Fwp%2Fv2%2Fmedia&parent=743"}],"wp:term":[{"taxonomy":"product_brand","embeddable":true,"href":"https:\/\/afiko.cl\/index.php?rest_route=%2Fwp%2Fv2%2Fproduct_brand&post=743"},{"taxonomy":"product_cat","embeddable":true,"href":"https:\/\/afiko.cl\/index.php?rest_route=%2Fwp%2Fv2%2Fproduct_cat&post=743"},{"taxonomy":"product_tag","embeddable":true,"href":"https:\/\/afiko.cl\/index.php?rest_route=%2Fwp%2Fv2%2Fproduct_tag&post=743"}],"curies":[{"name":"wp","href":"https:\/\/api.w.org\/{rel}","templated":true}]}}