{"id":754,"date":"2025-01-16T21:08:34","date_gmt":"2025-01-17T01:08:34","guid":{"rendered":"https:\/\/afiko.cl\/?post_type=product&#038;p=754"},"modified":"2025-10-23T21:29:52","modified_gmt":"2025-10-24T01:29:52","slug":"erizo-oregano","status":"publish","type":"product","link":"https:\/\/afiko.cl\/?product=erizo-oregano","title":{"rendered":"ERIZO OR\u00c9GANO 50g"},"content":{"rendered":"<p>\u00a1Lleva tus platos al siguiente nivel con el\u00a0<strong>Molinillo de Erizo Or\u00e9gano<\/strong>!<\/p>\n<p>Un producto \u00fanico que entrega un sabor espectacular a todo lo que toques. Su versatilidad es sorprendente: puedes\u00a0<strong>humectarlo en fr\u00edo<\/strong>\u00a0para salsas, mayonesas, ensaladas y m\u00e1s, o\u00a0<strong>en caliente<\/strong>\u00a0para dar un toque marino a arroces, pur\u00e9s, tallarines y cualquier receta que quieras transformar.<\/p>\n<p>La clave est\u00e1 en la creatividad: este molinillo te permite experimentar con un ingrediente excepcional y sorprender a tu paladar con el aut\u00e9ntico sabor del erizo.<\/p>\n<p>\u00a1Es el toque perfecto para darle un giro innovador y delicioso a tus platos!<\/p>\n<p>Atr\u00e9vete a probarlo y marca la diferencia en tu cocina con este producto revolucionario.<\/p>\n<p>\u00a1La creatividad en la cocina est\u00e1 en auge con el\u00a0<strong>Molinillo de Erizo Or\u00e9gano<\/strong>!<\/p>\n","protected":false},"excerpt":{"rendered":"<div class=\"page\" title=\"Page 5\">\n<div class=\"section\">\n<div class=\"layoutArea\">\n<div class=\"column\">\n<div class=\"woocommerce-product-details__short-description\">\n<div class=\"page\" title=\"Page 8\">\n<div class=\"section\">\n<div class=\"layoutArea\">\n<div class=\"column\">\n<p data-start=\"300\" data-end=\"661\"><strong data-start=\"300\" data-end=\"356\">Molinillo de Erizo Or\u00e9gano \u2013 El sabor m\u00e1s fino del oc\u00e9ano <\/strong><br data-start=\"356\" data-end=\"359\" \/>Explora la intensidad y sabor especial que te entrega el erizo en un formato gourmet.<br data-start=\"428\" data-end=\"431\" \/>Este molinillo Afiko contiene erizo deshidratado y un toque de or\u00e9gano 100% natural, sin sal a\u00f1adida, elaborado en Chilo\u00e9.<br data-start=\"546\" data-end=\"549\" \/>Ideal para realzar ceviches, risottos, pastas, salsas y mariscos con un toque del mar m\u00e1s profundo y elegante.<\/p>\n<p data-start=\"663\" data-end=\"725\">Producto chileno \u00b7 Sin aditivos \u00b7 Sabor aut\u00e9ntico del sur<\/p>\n<p>\u00a1No dejes pasar esta oportunidad de elevar tus recetas con lo mejor del oc\u00e9ano!<\/p>\n<p>Compra ahora y transforma tu cocina en un fest\u00edn de sabores marinos.<\/p>\n<\/div>\n<\/div>\n<\/div>\n<\/div>\n<\/div>\n<\/div>\n<\/div>\n<\/div>\n<\/div>\n<div class=\"page\" title=\"Page 5\">\n<div class=\"section\">\n<div class=\"layoutArea\">\n<div class=\"column\">\n<p>&nbsp;<\/p>\n<\/div>\n<\/div>\n<\/div>\n<\/div>\n","protected":false},"featured_media":1245,"comment_status":"open","ping_status":"closed","template":"","meta":{"_joinchat":[]},"product_brand":[],"product_cat":[21],"product_tag":[],"class_list":{"0":"post-754","1":"product","2":"type-product","3":"status-publish","4":"has-post-thumbnail","6":"product_cat-molinillo","8":"first","9":"instock","10":"taxable","11":"shipping-taxable","12":"purchasable","13":"product-type-simple"},"_links":{"self":[{"href":"https:\/\/afiko.cl\/index.php?rest_route=\/wp\/v2\/product\/754","targetHints":{"allow":["GET"]}}],"collection":[{"href":"https:\/\/afiko.cl\/index.php?rest_route=\/wp\/v2\/product"}],"about":[{"href":"https:\/\/afiko.cl\/index.php?rest_route=\/wp\/v2\/types\/product"}],"replies":[{"embeddable":true,"href":"https:\/\/afiko.cl\/index.php?rest_route=%2Fwp%2Fv2%2Fcomments&post=754"}],"wp:featuredmedia":[{"embeddable":true,"href":"https:\/\/afiko.cl\/index.php?rest_route=\/wp\/v2\/media\/1245"}],"wp:attachment":[{"href":"https:\/\/afiko.cl\/index.php?rest_route=%2Fwp%2Fv2%2Fmedia&parent=754"}],"wp:term":[{"taxonomy":"product_brand","embeddable":true,"href":"https:\/\/afiko.cl\/index.php?rest_route=%2Fwp%2Fv2%2Fproduct_brand&post=754"},{"taxonomy":"product_cat","embeddable":true,"href":"https:\/\/afiko.cl\/index.php?rest_route=%2Fwp%2Fv2%2Fproduct_cat&post=754"},{"taxonomy":"product_tag","embeddable":true,"href":"https:\/\/afiko.cl\/index.php?rest_route=%2Fwp%2Fv2%2Fproduct_tag&post=754"}],"curies":[{"name":"wp","href":"https:\/\/api.w.org\/{rel}","templated":true}]}}